{"id":1075,"date":"2021-12-20T14:16:21","date_gmt":"2021-12-20T13:16:21","guid":{"rendered":"https:\/\/www.my-ged.net\/?page_id=1075"},"modified":"2021-12-20T14:23:11","modified_gmt":"2021-12-20T13:23:11","slug":"generation-de-qr-facture","status":"publish","type":"page","link":"https:\/\/www.my-ged.net\/index.php\/fonctionnalites\/generation-de-qr-facture\/","title":{"rendered":"G\u00e9n\u00e9ration de QR Facture"},"content":{"rendered":"<h2><strong>G\u00e9n\u00e9rez vos QR Facture avec l&rsquo;imprimante ERPDF<\/strong><\/h2>\n<p>&nbsp;<\/p>\n<p>Depuis le 30 juin 2020, la suisse met en place la lecture et l&rsquo;automatisation de l&rsquo;enregistrement des factures via un QR Code. L&rsquo;imprimante ErPDF inclut en standard cette fonctionnalit\u00e9.<\/p>\n<p>Grace \u00e0 sa technologie de capture du flux d&rsquo;impression, l&rsquo;imprimante ErPDF se greffe sur tout ERP et permet \u00e0 partir d&rsquo;une facture g\u00e9n\u00e9r\u00e9 depuis votre logiciel m\u00e9tier :<\/p>\n<ul>\n<li>r\u00e9cup\u00e9rer le flux d&rsquo;impression<\/li>\n<li>lire automatiquement toutes les informations requise \u00e0 la g\u00e9n\u00e9ration du QR Code (informations du clients, montant de la facture, r\u00e9partition des taux de TVA &#8230; )<\/li>\n<li>g\u00e9n\u00e9rer le QR Code ad\u00e9quat et l&rsquo;incruster automatiquement sur la derni\u00e8re page de la facture \u00e0 l&rsquo;endroit appropri\u00e9<\/li>\n<\/ul>\n<p>Et bien sur, b\u00e9n\u00e9ficiez des autres fonctionnalit\u00e9s de l&rsquo;imprimante (d\u00e9coupage de flux, envoi automatique par email &#8230; )<\/p>\n<p><img loading=\"lazy\" decoding=\"async\" src=\"https:\/\/www.my-ged.net\/wp-content\/uploads\/2021\/12\/QrFacture.png\" alt=\"\" width=\"878\" height=\"621\" class=\"alignnone size-full wp-image-1079\" srcset=\"https:\/\/www.my-ged.net\/wp-content\/uploads\/2021\/12\/QrFacture.png 878w, https:\/\/www.my-ged.net\/wp-content\/uploads\/2021\/12\/QrFacture-300x212.png 300w, https:\/\/www.my-ged.net\/wp-content\/uploads\/2021\/12\/QrFacture-768x543.png 768w\" sizes=\"auto, (max-width: 878px) 100vw, 878px\" \/><\/p>\n<p><a href=\"https:\/\/www.my-ged.net\/index.php\/imprimante-erpdf\/\">Plus d&rsquo;informations<\/a><\/p>\n<p>&nbsp;<\/p>\n","protected":false},"excerpt":{"rendered":"<p>G\u00e9n\u00e9rez vos QR Facture avec l&rsquo;imprimante ERPDF &nbsp; Depuis le 30 juin 2020, la suisse met en place la lecture et l&rsquo;automatisation de l&rsquo;enregistrement des factures via un QR Code. L&rsquo;imprimante ErPDF inclut en standard cette fonctionnalit\u00e9. Grace \u00e0 sa technologie de capture du flux d&rsquo;impression, l&rsquo;imprimante ErPDF se greffe sur tout ERP et permet [&hellip;]<\/p>\n","protected":false},"author":1,"featured_media":0,"parent":70,"menu_order":0,"comment_status":"closed","ping_status":"closed","template":"Page-fullwidth.php","meta":{"footnotes":""},"class_list":["post-1075","page","type-page","status-publish","hentry"],"_links":{"self":[{"href":"https:\/\/www.my-ged.net\/index.php\/wp-json\/wp\/v2\/pages\/1075","targetHints":{"allow":["GET"]}}],"collection":[{"href":"https:\/\/www.my-ged.net\/index.php\/wp-json\/wp\/v2\/pages"}],"about":[{"href":"https:\/\/www.my-ged.net\/index.php\/wp-json\/wp\/v2\/types\/page"}],"author":[{"embeddable":true,"href":"https:\/\/www.my-ged.net\/index.php\/wp-json\/wp\/v2\/users\/1"}],"replies":[{"embeddable":true,"href":"https:\/\/www.my-ged.net\/index.php\/wp-json\/wp\/v2\/comments?post=1075"}],"version-history":[{"count":2,"href":"https:\/\/www.my-ged.net\/index.php\/wp-json\/wp\/v2\/pages\/1075\/revisions"}],"predecessor-version":[{"id":1080,"href":"https:\/\/www.my-ged.net\/index.php\/wp-json\/wp\/v2\/pages\/1075\/revisions\/1080"}],"up":[{"embeddable":true,"href":"https:\/\/www.my-ged.net\/index.php\/wp-json\/wp\/v2\/pages\/70"}],"wp:attachment":[{"href":"https:\/\/www.my-ged.net\/index.php\/wp-json\/wp\/v2\/media?parent=1075"}],"curies":[{"name":"wp","href":"https:\/\/api.w.org\/{rel}","templated":true}]}}