{"id":169,"date":"2018-01-03T18:59:12","date_gmt":"2018-01-03T17:59:12","guid":{"rendered":"http:\/\/new.my-ged.net\/?page_id=169"},"modified":"2018-07-05T10:19:06","modified_gmt":"2018-07-05T08:19:06","slug":"classement-via-lexplorateur","status":"publish","type":"page","link":"https:\/\/www.my-ged.net\/index.php\/fonctionnalites\/classement-via-lexplorateur\/","title":{"rendered":"Classement via l&rsquo;explorateur"},"content":{"rendered":"<h2><strong>La classement via l&rsquo;explorateur windows<\/strong><\/h2>\n<p>&nbsp;<\/p>\n<p>Le classement via l&rsquo;explorateur windows permet de classer un ou plusieurs fichiers par simple gliss\u00e9\/d\u00e9pos\u00e9.<\/p>\n<p>En mode explorateur, MyGed s&rsquo;ouvre de mani\u00e8re r\u00e9duite sur le cot\u00e9 droit de votre et se compose de la liste des armoires et dossiers de classement ainsi qu&rsquo;un zone d&rsquo;apercu.<\/p>\n<div style=\"width: 710px\" class=\"wp-caption aligncenter\"><img loading=\"lazy\" decoding=\"async\" title=\"Classement par explorateur\" src=\"http:\/\/www.my-ged.net\/media\/\/explorateur.jpg\" alt=\"Classement par explorateur\" width=\"700\" height=\"528\" \/><p class=\"wp-caption-text\">Dans cet exemple, on effectue un glisser\/d\u00e9poser d&rsquo;une facture d&rsquo;un dossier vers la GED. Le programme nous propose alors de choisir les options de classement.<\/p><\/div>\n","protected":false},"excerpt":{"rendered":"<p>La classement via l&rsquo;explorateur windows &nbsp; Le classement via l&rsquo;explorateur windows permet de classer un ou plusieurs fichiers par simple gliss\u00e9\/d\u00e9pos\u00e9. En mode explorateur, MyGed s&rsquo;ouvre de mani\u00e8re r\u00e9duite sur le cot\u00e9 droit de votre et se compose de la liste des armoires et dossiers de classement ainsi qu&rsquo;un zone d&rsquo;apercu.<\/p>\n","protected":false},"author":1,"featured_media":0,"parent":70,"menu_order":0,"comment_status":"closed","ping_status":"closed","template":"Page-fullwidth.php","meta":{"footnotes":""},"class_list":["post-169","page","type-page","status-publish","hentry"],"_links":{"self":[{"href":"https:\/\/www.my-ged.net\/index.php\/wp-json\/wp\/v2\/pages\/169","targetHints":{"allow":["GET"]}}],"collection":[{"href":"https:\/\/www.my-ged.net\/index.php\/wp-json\/wp\/v2\/pages"}],"about":[{"href":"https:\/\/www.my-ged.net\/index.php\/wp-json\/wp\/v2\/types\/page"}],"author":[{"embeddable":true,"href":"https:\/\/www.my-ged.net\/index.php\/wp-json\/wp\/v2\/users\/1"}],"replies":[{"embeddable":true,"href":"https:\/\/www.my-ged.net\/index.php\/wp-json\/wp\/v2\/comments?post=169"}],"version-history":[{"count":2,"href":"https:\/\/www.my-ged.net\/index.php\/wp-json\/wp\/v2\/pages\/169\/revisions"}],"predecessor-version":[{"id":191,"href":"https:\/\/www.my-ged.net\/index.php\/wp-json\/wp\/v2\/pages\/169\/revisions\/191"}],"up":[{"embeddable":true,"href":"https:\/\/www.my-ged.net\/index.php\/wp-json\/wp\/v2\/pages\/70"}],"wp:attachment":[{"href":"https:\/\/www.my-ged.net\/index.php\/wp-json\/wp\/v2\/media?parent=169"}],"curies":[{"name":"wp","href":"https:\/\/api.w.org\/{rel}","templated":true}]}}