{"id":173,"date":"2018-01-03T18:59:54","date_gmt":"2018-01-03T17:59:54","guid":{"rendered":"http:\/\/new.my-ged.net\/?page_id=173"},"modified":"2018-07-05T10:18:46","modified_gmt":"2018-07-05T08:18:46","slug":"la-numerisation-rapide","status":"publish","type":"page","link":"https:\/\/www.my-ged.net\/index.php\/fonctionnalites\/la-numerisation-rapide\/","title":{"rendered":"La num\u00e9risation rapide"},"content":{"rendered":"<h2><strong>La Num\u00e9risation rapide<\/strong><\/h2>\n<p>&nbsp;<\/p>\n<p><strong><img decoding=\"async\" src=\"http:\/\/www.my-ged.net\/media\/\/scan.png\" alt=\"num\u00e9risation rapide\" width=\"700\" \/><\/strong><\/p>\n<p>&nbsp;<\/p>\n<p>Dans MyGed, tous les outils de num\u00e9risation sont accessible depuis le menu principal.<\/p>\n<p><em>Num\u00e9riser en simple ou multipage, en recto verso manuel ou automatique, d\u00e9couper vos documents, classez les automatiquement ou plus tard\u00a0<\/em>: tout ce fait en quelques clics et de mani\u00e8re tr\u00e8s simple.<\/p>\n<p>&nbsp;<\/p>\n<p>Le module de num\u00e9risation est int\u00e9gr\u00e9 en standard dans MyGed.<\/p>\n","protected":false},"excerpt":{"rendered":"<p>La Num\u00e9risation rapide &nbsp; &nbsp; Dans MyGed, tous les outils de num\u00e9risation sont accessible depuis le menu principal. Num\u00e9riser en simple ou multipage, en recto verso manuel ou automatique, d\u00e9couper vos documents, classez les automatiquement ou plus tard\u00a0: tout ce fait en quelques clics et de mani\u00e8re tr\u00e8s simple. &nbsp; Le module de num\u00e9risation est [&hellip;]<\/p>\n","protected":false},"author":1,"featured_media":0,"parent":70,"menu_order":0,"comment_status":"closed","ping_status":"closed","template":"Page-fullwidth.php","meta":{"footnotes":""},"class_list":["post-173","page","type-page","status-publish","hentry"],"_links":{"self":[{"href":"https:\/\/www.my-ged.net\/index.php\/wp-json\/wp\/v2\/pages\/173","targetHints":{"allow":["GET"]}}],"collection":[{"href":"https:\/\/www.my-ged.net\/index.php\/wp-json\/wp\/v2\/pages"}],"about":[{"href":"https:\/\/www.my-ged.net\/index.php\/wp-json\/wp\/v2\/types\/page"}],"author":[{"embeddable":true,"href":"https:\/\/www.my-ged.net\/index.php\/wp-json\/wp\/v2\/users\/1"}],"replies":[{"embeddable":true,"href":"https:\/\/www.my-ged.net\/index.php\/wp-json\/wp\/v2\/comments?post=173"}],"version-history":[{"count":2,"href":"https:\/\/www.my-ged.net\/index.php\/wp-json\/wp\/v2\/pages\/173\/revisions"}],"predecessor-version":[{"id":194,"href":"https:\/\/www.my-ged.net\/index.php\/wp-json\/wp\/v2\/pages\/173\/revisions\/194"}],"up":[{"embeddable":true,"href":"https:\/\/www.my-ged.net\/index.php\/wp-json\/wp\/v2\/pages\/70"}],"wp:attachment":[{"href":"https:\/\/www.my-ged.net\/index.php\/wp-json\/wp\/v2\/media?parent=173"}],"curies":[{"name":"wp","href":"https:\/\/api.w.org\/{rel}","templated":true}]}}