{"id":198,"date":"2018-07-05T10:17:38","date_gmt":"2018-07-05T08:17:38","guid":{"rendered":"http:\/\/new.my-ged.net\/?page_id=198"},"modified":"2018-07-05T10:20:10","modified_gmt":"2018-07-05T08:20:10","slug":"le-tableau-de-bord-utilisateur","status":"publish","type":"page","link":"https:\/\/www.my-ged.net\/index.php\/fonctionnalites\/le-tableau-de-bord-utilisateur\/","title":{"rendered":"Le tableau de bord"},"content":{"rendered":"<h2>Le tableau de bord utilisateur<\/h2>\n<p>En version Entreprise, vous disposez d&rsquo;un v\u00e9ritable tableau de bord de suivi quotidien de votre activit\u00e9.<\/p>\n<ul>\n<li>Choisissez parmi la multitude de widgets disponibles ceux qui vous int\u00e9resse<\/li>\n<li>Organisez votre \u00e9cran comme vous le souhaitez en d\u00e9finissant vos propre param\u00e8tre de position sur l&rsquo;ecran<\/li>\n<li>Cr\u00e9ez vos propres widgets de raccourcit vers des dossiers\/armoires fr\u00e9quemment utilis\u00e9s<\/li>\n<li>Et pour finir profiter de cette outils de travail rafra\u00eechit en temps r\u00e9el<\/li>\n<\/ul>\n<div id=\"attachment_196\" style=\"width: 760px\" class=\"wp-caption alignnone\"><img loading=\"lazy\" decoding=\"async\" aria-describedby=\"caption-attachment-196\" class=\"wp-image-196 size-large\" src=\"http:\/\/new.my-ged.net\/wp-content\/uploads\/2018\/07\/tdb-1024x679.png\" alt=\"\" width=\"750\" height=\"497\" srcset=\"https:\/\/www.my-ged.net\/wp-content\/uploads\/2018\/07\/tdb-1024x679.png 1024w, https:\/\/www.my-ged.net\/wp-content\/uploads\/2018\/07\/tdb-300x199.png 300w, https:\/\/www.my-ged.net\/wp-content\/uploads\/2018\/07\/tdb-768x509.png 768w, https:\/\/www.my-ged.net\/wp-content\/uploads\/2018\/07\/tdb.png 1202w\" sizes=\"auto, (max-width: 750px) 100vw, 750px\" \/><p id=\"caption-attachment-196\" class=\"wp-caption-text\">Personnalisez votre tableau en affichant les widgets qui vous sont utiles<\/p><\/div>\n","protected":false},"excerpt":{"rendered":"<p>Le tableau de bord utilisateur En version Entreprise, vous disposez d&rsquo;un v\u00e9ritable tableau de bord de suivi quotidien de votre activit\u00e9. Choisissez parmi la multitude de widgets disponibles ceux qui vous int\u00e9resse Organisez votre \u00e9cran comme vous le souhaitez en d\u00e9finissant vos propre param\u00e8tre de position sur l&rsquo;ecran Cr\u00e9ez vos propres widgets de raccourcit vers [&hellip;]<\/p>\n","protected":false},"author":1,"featured_media":0,"parent":70,"menu_order":0,"comment_status":"closed","ping_status":"closed","template":"Page-fullwidth.php","meta":{"footnotes":""},"class_list":["post-198","page","type-page","status-publish","hentry"],"_links":{"self":[{"href":"https:\/\/www.my-ged.net\/index.php\/wp-json\/wp\/v2\/pages\/198","targetHints":{"allow":["GET"]}}],"collection":[{"href":"https:\/\/www.my-ged.net\/index.php\/wp-json\/wp\/v2\/pages"}],"about":[{"href":"https:\/\/www.my-ged.net\/index.php\/wp-json\/wp\/v2\/types\/page"}],"author":[{"embeddable":true,"href":"https:\/\/www.my-ged.net\/index.php\/wp-json\/wp\/v2\/users\/1"}],"replies":[{"embeddable":true,"href":"https:\/\/www.my-ged.net\/index.php\/wp-json\/wp\/v2\/comments?post=198"}],"version-history":[{"count":2,"href":"https:\/\/www.my-ged.net\/index.php\/wp-json\/wp\/v2\/pages\/198\/revisions"}],"predecessor-version":[{"id":201,"href":"https:\/\/www.my-ged.net\/index.php\/wp-json\/wp\/v2\/pages\/198\/revisions\/201"}],"up":[{"embeddable":true,"href":"https:\/\/www.my-ged.net\/index.php\/wp-json\/wp\/v2\/pages\/70"}],"wp:attachment":[{"href":"https:\/\/www.my-ged.net\/index.php\/wp-json\/wp\/v2\/media?parent=198"}],"curies":[{"name":"wp","href":"https:\/\/api.w.org\/{rel}","templated":true}]}}