{"id":204,"date":"2018-07-05T10:58:37","date_gmt":"2018-07-05T08:58:37","guid":{"rendered":"http:\/\/new.my-ged.net\/?page_id=204"},"modified":"2018-07-05T10:59:36","modified_gmt":"2018-07-05T08:59:36","slug":"le-workflow","status":"publish","type":"page","link":"https:\/\/www.my-ged.net\/index.php\/fonctionnalites\/le-workflow\/","title":{"rendered":"Le workflow"},"content":{"rendered":"<h2><strong>Le workflow documentaire<\/strong><\/h2>\n<p>&nbsp;<\/p>\n<p>Exclusivement sur MyGed Entreprise, le module de workflow permet de r\u00e9pondre aux besoins de gestion particuliers sur un fichier (workflow mono fichier) ou plusieurs fichiers (workflow chemise).<\/p>\n<p>D\u00e9finissez un processus propre \u00e0 votre fonctionnement et suivez le au quotidien.<\/p>\n<p>Avec le workflow, vous pouvez :<\/p>\n<ul>\n<li>D\u00e9finir des actions d\u00e9clenchable manuellement ou automatiquement avec gestion\n<ul>\n<li>de conditions pr\u00e9alables \u00e0 l\u2019ex\u00e9cution<\/li>\n<li>des droits d&rsquo;acc\u00e8s utilisateurs<\/li>\n<li>du basculement vers l&rsquo;\u00e9tat suivant en fonction du r\u00e9sultat de l\u2019ex\u00e9cution de l&rsquo;action<\/li>\n<\/ul>\n<\/li>\n<li>D\u00e9finir des \u00e9tats avec gestion\n<ul>\n<li>d&rsquo;une \u00e9ch\u00e9ance automatique pour relance<\/li>\n<li>des affectations et droits d&rsquo;acc\u00e8s utilisateurs<\/li>\n<\/ul>\n<\/li>\n<\/ul>\n<p>Outre les scripts qui donne un infinit\u00e9 de possibilit\u00e9, le workflow propose en standard plus de 20 types actions et une 15\u00e8ne de condition \u00e0 v\u00e9rifier. Entre autre, le workflow permettra de :<\/p>\n<ul>\n<li>Envoyer en automatique des emails ou notifications internes<\/li>\n<li>Signer des fichiers<\/li>\n<li>Partager des fichiers<\/li>\n<li>Affecter un statut ou un tampon \u00e0 un fichier<\/li>\n<li>Contr\u00f4ler :\n<ul>\n<li>la date d&rsquo;\u00e9ch\u00e9ance de fichier<\/li>\n<li>le classement de fichier dans un dossier<\/li>\n<\/ul>\n<\/li>\n<li>&#8230;<\/li>\n<\/ul>\n<p>&nbsp;<\/p>\n<div id=\"attachment_205\" style=\"width: 887px\" class=\"wp-caption alignnone\"><img loading=\"lazy\" decoding=\"async\" aria-describedby=\"caption-attachment-205\" class=\"wp-image-205 size-full\" src=\"http:\/\/new.my-ged.net\/wp-content\/uploads\/2018\/07\/workflow.png\" alt=\"\" width=\"877\" height=\"614\" srcset=\"https:\/\/www.my-ged.net\/wp-content\/uploads\/2018\/07\/workflow.png 877w, https:\/\/www.my-ged.net\/wp-content\/uploads\/2018\/07\/workflow-300x210.png 300w, https:\/\/www.my-ged.net\/wp-content\/uploads\/2018\/07\/workflow-768x538.png 768w\" sizes=\"auto, (max-width: 877px) 100vw, 877px\" \/><p id=\"caption-attachment-205\" class=\"wp-caption-text\">Exemple de workflow de validation de facture d&rsquo;achat sur 2 niveaux (l&rsquo;acheteur puis le responsable financier)<\/p><\/div>\n<p>&nbsp;<\/p>\n","protected":false},"excerpt":{"rendered":"<p>Le workflow documentaire &nbsp; Exclusivement sur MyGed Entreprise, le module de workflow permet de r\u00e9pondre aux besoins de gestion particuliers sur un fichier (workflow mono fichier) ou plusieurs fichiers (workflow chemise). D\u00e9finissez un processus propre \u00e0 votre fonctionnement et suivez le au quotidien. Avec le workflow, vous pouvez : D\u00e9finir des actions d\u00e9clenchable manuellement ou [&hellip;]<\/p>\n","protected":false},"author":1,"featured_media":0,"parent":70,"menu_order":0,"comment_status":"closed","ping_status":"closed","template":"Page-fullwidth.php","meta":{"footnotes":""},"class_list":["post-204","page","type-page","status-publish","hentry"],"_links":{"self":[{"href":"https:\/\/www.my-ged.net\/index.php\/wp-json\/wp\/v2\/pages\/204","targetHints":{"allow":["GET"]}}],"collection":[{"href":"https:\/\/www.my-ged.net\/index.php\/wp-json\/wp\/v2\/pages"}],"about":[{"href":"https:\/\/www.my-ged.net\/index.php\/wp-json\/wp\/v2\/types\/page"}],"author":[{"embeddable":true,"href":"https:\/\/www.my-ged.net\/index.php\/wp-json\/wp\/v2\/users\/1"}],"replies":[{"embeddable":true,"href":"https:\/\/www.my-ged.net\/index.php\/wp-json\/wp\/v2\/comments?post=204"}],"version-history":[{"count":2,"href":"https:\/\/www.my-ged.net\/index.php\/wp-json\/wp\/v2\/pages\/204\/revisions"}],"predecessor-version":[{"id":208,"href":"https:\/\/www.my-ged.net\/index.php\/wp-json\/wp\/v2\/pages\/204\/revisions\/208"}],"up":[{"embeddable":true,"href":"https:\/\/www.my-ged.net\/index.php\/wp-json\/wp\/v2\/pages\/70"}],"wp:attachment":[{"href":"https:\/\/www.my-ged.net\/index.php\/wp-json\/wp\/v2\/media?parent=204"}],"curies":[{"name":"wp","href":"https:\/\/api.w.org\/{rel}","templated":true}]}}