{"id":233,"date":"2018-07-05T12:02:23","date_gmt":"2018-07-05T10:02:23","guid":{"rendered":"http:\/\/new.my-ged.net\/?page_id=233"},"modified":"2021-08-26T15:30:28","modified_gmt":"2021-08-26T13:30:28","slug":"telecharger-myged-standard","status":"publish","type":"page","link":"https:\/\/www.my-ged.net\/index.php\/telecharger-myged-standard\/","title":{"rendered":"T\u00e9l\u00e9chargement"},"content":{"rendered":"<h2>Telechargement MyGed Standard<\/h2>\n<p>Une version d&rsquo;\u00e9valuation limit\u00e9 \u00e0 25 fichiers class\u00e9s (mais non limit\u00e9 en fonctionnalit\u00e9) est disponible en t\u00e9l\u00e9chargement via le lien ci dessous.<\/p>\n<h1 style=\"text-align: center;\"><a href=\"https:\/\/www.my-ged.net\/Installation\/Install_MyGed.EXE\">T\u00e9l\u00e9charger ici<\/a><\/h1>\n<p>&nbsp;<\/p>\n<h2>T\u00e9l\u00e9chargement ErImprimante PDF<\/h2>\n<p>Une version d&rsquo;\u00e9valuation non limit\u00e9 en fonctionnalit\u00e9 est disponible en t\u00e9l\u00e9chargement via le lien ci dessous.<\/p>\n<h1 style=\"text-align: center;\"><a href=\"https:\/\/www.my-ged.net\/Installation\/ERImprimantePDF.MSI\">T\u00e9l\u00e9charger ici<\/a><\/h1>\n<p>N&rsquo;h\u00e9sitez pas \u00e0 tester et poser vos questions au support avant de faire votre choix.<\/p>\n","protected":false},"excerpt":{"rendered":"<p>Telechargement MyGed Standard Une version d&rsquo;\u00e9valuation limit\u00e9 \u00e0 25 fichiers class\u00e9s (mais non limit\u00e9 en fonctionnalit\u00e9) est disponible en t\u00e9l\u00e9chargement via le lien ci dessous. T\u00e9l\u00e9charger ici &nbsp; T\u00e9l\u00e9chargement ErImprimante PDF Une version d&rsquo;\u00e9valuation non limit\u00e9 en fonctionnalit\u00e9 est disponible en t\u00e9l\u00e9chargement via le lien ci dessous. T\u00e9l\u00e9charger ici N&rsquo;h\u00e9sitez pas \u00e0 tester et poser [&hellip;]<\/p>\n","protected":false},"author":1,"featured_media":0,"parent":0,"menu_order":0,"comment_status":"closed","ping_status":"closed","template":"Page-fullwidth.php","meta":{"footnotes":""},"class_list":["post-233","page","type-page","status-publish","hentry"],"_links":{"self":[{"href":"https:\/\/www.my-ged.net\/index.php\/wp-json\/wp\/v2\/pages\/233","targetHints":{"allow":["GET"]}}],"collection":[{"href":"https:\/\/www.my-ged.net\/index.php\/wp-json\/wp\/v2\/pages"}],"about":[{"href":"https:\/\/www.my-ged.net\/index.php\/wp-json\/wp\/v2\/types\/page"}],"author":[{"embeddable":true,"href":"https:\/\/www.my-ged.net\/index.php\/wp-json\/wp\/v2\/users\/1"}],"replies":[{"embeddable":true,"href":"https:\/\/www.my-ged.net\/index.php\/wp-json\/wp\/v2\/comments?post=233"}],"version-history":[{"count":6,"href":"https:\/\/www.my-ged.net\/index.php\/wp-json\/wp\/v2\/pages\/233\/revisions"}],"predecessor-version":[{"id":963,"href":"https:\/\/www.my-ged.net\/index.php\/wp-json\/wp\/v2\/pages\/233\/revisions\/963"}],"wp:attachment":[{"href":"https:\/\/www.my-ged.net\/index.php\/wp-json\/wp\/v2\/media?parent=233"}],"curies":[{"name":"wp","href":"https:\/\/api.w.org\/{rel}","templated":true}]}}