{"id":50,"date":"2018-01-03T11:07:28","date_gmt":"2018-01-03T10:07:28","guid":{"rendered":"http:\/\/new.my-ged.net\/?page_id=50"},"modified":"2026-02-12T19:17:38","modified_gmt":"2026-02-12T18:17:38","slug":"myged-standard","status":"publish","type":"page","link":"https:\/\/www.my-ged.net\/index.php\/myged-standard\/","title":{"rendered":"MyGed Standard"},"content":{"rendered":"<h3>MyGed Standard est un logiciel de gestion documentaire (GED) d\u00e9di\u00e9 aux particuliers d\u00e9sireux d&rsquo;organiser leur archivage documentaire.<\/h3>\n<p><img loading=\"lazy\" decoding=\"async\" class=\"alignnone size-full wp-image-45\" src=\"http:\/\/new.my-ged.net\/wp-content\/uploads\/2018\/01\/myged-principal.png\" alt=\"\" width=\"719\" height=\"153\" srcset=\"https:\/\/www.my-ged.net\/wp-content\/uploads\/2018\/01\/myged-principal.png 719w, https:\/\/www.my-ged.net\/wp-content\/uploads\/2018\/01\/myged-principal-300x64.png 300w\" sizes=\"auto, (max-width: 719px) 100vw, 719px\" \/><\/p>\n<p><b>En constante \u00e9volution, le logiciel propose les fonctionnalit\u00e9s essentielles pour num\u00e9riser, classer, fusionner, d\u00e9couper, imprimer, rechercher et sauvegarder vos documents. Entre autre, vous pouvez :<\/b><\/p>\n<ul>\n<li>Num\u00e9riser rapidement vos fichiers par scanner.<\/li>\n<li>Classer vos fichiers issue de multiple source ( scanner, internet, support amovible, &#8230; ) par simple gliss\u00e9\/d\u00e9pos\u00e9.<\/li>\n<li>Une imprimante virtuelle vous offre la possibilit\u00e9 de classer vos documents de mani\u00e8re automatique par simple clic\u00a0sur le bouton imprimer depuis vos logiciels favoris.<\/li>\n<li>Classer vos emails par gliss\u00e9\/depos\u00e9<\/li>\n<li>Indexer vos fichiers. Un puissant moteur d&rsquo;indexation et de recherche vous permet de retrouver facilement vos documents en fonction de son contenu. Chaque document class\u00e9 dans MyGed alimentera une base de mot cl\u00e9 cr\u00e9\u00e9 automatiquement qui vous permettra de retrouver tr\u00e8s rapidement vos fichiers. (Compatible documents images, PDF, Word, Excel, Open Office, Email)<\/li>\n<\/ul>\n<p>&nbsp;<\/p>\n<h4>MyGed Standard est disponible \u00e0 la vente au prix public de 44,90 euros TTC. Les mises \u00e0 jour sont par la suite incluse et gratuite.<\/h4>\n<h3><\/h3>\n<p>&nbsp;<\/p>\n<p>Une version d&rsquo;\u00e9valuation du logiciel limit\u00e9 \u00e0 25 fichiers class\u00e9s \u00a0est disponible en t\u00e9l\u00e9chargement<a href=\"http:\/\/www.hsconcept.fr\/Installation\/Install_MyGed.EXE\">\u00a0ici.<\/a><\/p>\n<p><strong>MyGed est compatible Windows 7\/8\/8.1\/10\/11 32 et 64 bits.<\/strong><\/p>\n<p>&nbsp;<\/p>\n<p>&nbsp;<\/p>\n<div id=\"attachment_95\" style=\"width: 873px\" class=\"wp-caption aligncenter\"><img loading=\"lazy\" decoding=\"async\" aria-describedby=\"caption-attachment-95\" class=\"wp-image-95 size-full\" src=\"http:\/\/new.my-ged.net\/wp-content\/uploads\/2018\/01\/classement-log.png\" alt=\"\" width=\"863\" height=\"625\" srcset=\"https:\/\/www.my-ged.net\/wp-content\/uploads\/2018\/01\/classement-log.png 863w, https:\/\/www.my-ged.net\/wp-content\/uploads\/2018\/01\/classement-log-300x217.png 300w, https:\/\/www.my-ged.net\/wp-content\/uploads\/2018\/01\/classement-log-768x556.png 768w\" sizes=\"auto, (max-width: 863px) 100vw, 863px\" \/><p id=\"caption-attachment-95\" class=\"wp-caption-text\">Le classement de fichier dans MyGed<\/p><\/div>\n<p>&nbsp;<\/p>\n","protected":false},"excerpt":{"rendered":"<p>MyGed Standard est un logiciel de gestion documentaire (GED) d\u00e9di\u00e9 aux particuliers d\u00e9sireux d&rsquo;organiser leur archivage documentaire. En constante \u00e9volution, le logiciel propose les fonctionnalit\u00e9s essentielles pour num\u00e9riser, classer, fusionner, d\u00e9couper, imprimer, rechercher et sauvegarder vos documents. Entre autre, vous pouvez : Num\u00e9riser rapidement vos fichiers par scanner. Classer vos fichiers issue de multiple source [&hellip;]<\/p>\n","protected":false},"author":1,"featured_media":0,"parent":0,"menu_order":0,"comment_status":"closed","ping_status":"closed","template":"Page-fullwidth.php","meta":{"footnotes":""},"class_list":["post-50","page","type-page","status-publish","hentry"],"_links":{"self":[{"href":"https:\/\/www.my-ged.net\/index.php\/wp-json\/wp\/v2\/pages\/50","targetHints":{"allow":["GET"]}}],"collection":[{"href":"https:\/\/www.my-ged.net\/index.php\/wp-json\/wp\/v2\/pages"}],"about":[{"href":"https:\/\/www.my-ged.net\/index.php\/wp-json\/wp\/v2\/types\/page"}],"author":[{"embeddable":true,"href":"https:\/\/www.my-ged.net\/index.php\/wp-json\/wp\/v2\/users\/1"}],"replies":[{"embeddable":true,"href":"https:\/\/www.my-ged.net\/index.php\/wp-json\/wp\/v2\/comments?post=50"}],"version-history":[{"count":8,"href":"https:\/\/www.my-ged.net\/index.php\/wp-json\/wp\/v2\/pages\/50\/revisions"}],"predecessor-version":[{"id":5382,"href":"https:\/\/www.my-ged.net\/index.php\/wp-json\/wp\/v2\/pages\/50\/revisions\/5382"}],"wp:attachment":[{"href":"https:\/\/www.my-ged.net\/index.php\/wp-json\/wp\/v2\/media?parent=50"}],"curies":[{"name":"wp","href":"https:\/\/api.w.org\/{rel}","templated":true}]}}