{"id":64,"date":"2018-01-03T11:38:11","date_gmt":"2018-01-03T10:38:11","guid":{"rendered":"http:\/\/new.my-ged.net\/?page_id=64"},"modified":"2021-12-20T14:09:53","modified_gmt":"2021-12-20T13:09:53","slug":"myged-entreprise","status":"publish","type":"page","link":"https:\/\/www.my-ged.net\/index.php\/myged-entreprise\/","title":{"rendered":"MyGed Entreprise"},"content":{"rendered":"<h3>MyGed Entreprise est la version de MyGed destin\u00e9 aux TPE\/PME souhaitant mettre en place une GED au sein de leur structure.<\/h3>\n<p>Outre les fonctionnalit\u00e9s accessible en version standard, voici ce qu&rsquo;offre la version Entreprise :<\/p>\n<ul>\n<li>Lecteur automatique de document. Les documents les plus couramment utilis\u00e9 peuvent \u00eatre class\u00e9 de mani\u00e8re automatique en fonction de leur contenu. ( nom de tiers, date, num\u00e9ro &#8230; )<\/li>\n<li>Classement automatique par d\u00e9tection de mot cl\u00e9<\/li>\n<li>Classement par lecture de QR CODE ou Script<\/li>\n<li>Classement automatique des emails par apprentissage<\/li>\n<li>Classement transversale<\/li>\n<li>Classement multiple de fichier<\/li>\n<li>Gestion des utilisateurs\/groupes d&rsquo;utilisateurs et\u00a0 droits d&rsquo;acc\u00e8s.<\/li>\n<li>Imprimantes virtuelles multiples programmables. Plusieurs imprimantes peuvent \u00eatre param\u00e9tr\u00e9es afin d&rsquo;automatiser certaines actions. ( classement, envoie vers pani\u00e8re, LAD, &#8230; )<\/li>\n<li>Int\u00e9gration avec vos propre bases de donn\u00e9es. MyGed peut s&rsquo;interfacer avec les bases de donn\u00e9es que vous utilisez pour permettre un classement de fichier en relation avec celles-ci.<\/li>\n<li>Gestion du workflow simplifi\u00e9 : Mise en place de statut sur un document, affectation \u00e0 une utilisateur\/groupe d&rsquo;utilisateur, mise en place d&rsquo;\u00e9ch\u00e9ance, alerte &#8230;<\/li>\n<li>Workflow complet : cr\u00e9ation d&rsquo;un processus de gestion documentaire enti\u00e8rement personnalisable<\/li>\n<li>Tableau de bord utilisateur avec alerte et documents \u00e0 traiter<\/li>\n<li>Messagerie interne<\/li>\n<li>Suivi de document et travail collaboratif<\/li>\n<li>Cr\u00e9ation de champs compl\u00e9mentaires<\/li>\n<li>Alerte automatique<\/li>\n<li>Association de tampon sur fichier<\/li>\n<li>Module CRM :\n<ul>\n<li>gestion de soci\u00e9t\u00e9\/contact avec fiche personnalisable<\/li>\n<li>Mailing\/Emailing<\/li>\n<li>Planning et agenda partag\u00e9 (synchronisable Outlook\/Google)<\/li>\n<\/ul>\n<\/li>\n<\/ul>\n<p>&nbsp;<\/p>\n<p>&nbsp;<\/p>\n<p>MyGed Entreprise est disponible en version monoposte ou r\u00e9seau jusqu&rsquo;\u00e0 50 postes.<\/p>\n<p>&nbsp;<\/p>\n<p><strong>MyGed est compatible :<\/strong><\/p>\n<ul>\n<li><strong>Windows 8\/8.1\/10\/11 32 et 64 bits.<\/strong><\/li>\n<li><strong>MyGed est compatible Windows Serveur 2008R2\/2012R2\/2016 et 2019 et supporte le TSE.<\/strong><\/li>\n<\/ul>\n<p>&nbsp;<\/p>\n","protected":false},"excerpt":{"rendered":"<p>MyGed Entreprise est la version de MyGed destin\u00e9 aux TPE\/PME souhaitant mettre en place une GED au sein de leur structure. Outre les fonctionnalit\u00e9s accessible en version standard, voici ce qu&rsquo;offre la version Entreprise : Lecteur automatique de document. Les documents les plus couramment utilis\u00e9 peuvent \u00eatre class\u00e9 de mani\u00e8re automatique en fonction de leur [&hellip;]<\/p>\n","protected":false},"author":1,"featured_media":0,"parent":0,"menu_order":0,"comment_status":"closed","ping_status":"closed","template":"Page-fullwidth.php","meta":{"footnotes":""},"class_list":["post-64","page","type-page","status-publish","hentry"],"_links":{"self":[{"href":"https:\/\/www.my-ged.net\/index.php\/wp-json\/wp\/v2\/pages\/64","targetHints":{"allow":["GET"]}}],"collection":[{"href":"https:\/\/www.my-ged.net\/index.php\/wp-json\/wp\/v2\/pages"}],"about":[{"href":"https:\/\/www.my-ged.net\/index.php\/wp-json\/wp\/v2\/types\/page"}],"author":[{"embeddable":true,"href":"https:\/\/www.my-ged.net\/index.php\/wp-json\/wp\/v2\/users\/1"}],"replies":[{"embeddable":true,"href":"https:\/\/www.my-ged.net\/index.php\/wp-json\/wp\/v2\/comments?post=64"}],"version-history":[{"count":6,"href":"https:\/\/www.my-ged.net\/index.php\/wp-json\/wp\/v2\/pages\/64\/revisions"}],"predecessor-version":[{"id":1074,"href":"https:\/\/www.my-ged.net\/index.php\/wp-json\/wp\/v2\/pages\/64\/revisions\/1074"}],"wp:attachment":[{"href":"https:\/\/www.my-ged.net\/index.php\/wp-json\/wp\/v2\/media?parent=64"}],"curies":[{"name":"wp","href":"https:\/\/api.w.org\/{rel}","templated":true}]}}