{"id":66,"date":"2018-01-03T11:38:21","date_gmt":"2018-01-03T10:38:21","guid":{"rendered":"http:\/\/new.my-ged.net\/?page_id=66"},"modified":"2018-01-03T17:20:34","modified_gmt":"2018-01-03T16:20:34","slug":"myged-cloud","status":"publish","type":"page","link":"https:\/\/www.my-ged.net\/index.php\/myged-cloud\/","title":{"rendered":"MyGed Cloud"},"content":{"rendered":"<div><strong>Acc\u00e9dez \u00e0 vos donn\u00e9es depuis n&rsquo;importe quel coin du monde ! Assurez vous de la sauvegarde de vos donn\u00e9es en tout s\u00e9r\u00e9nit\u00e9 ! \u00a0<\/strong><\/div>\n<div><strong>MyGed Cloud est disponible pour r\u00e9pondre \u00e0 vos attentes.<\/strong><\/div>\n<div><\/div>\n<div><strong>\u00a0<\/strong><\/div>\n<ul>\n<li><strong>Qu&rsquo;est ce que MyGed Cloud ?<\/strong><\/li>\n<\/ul>\n<div><em><strong>\u00a0<\/strong><\/em>MyGed Cloud est une solution de gestion documentaire accessible en mode SaaS. Vous retrouverez toute la puissance de MyGed Entreprise directement accessible depuis votre connexion internet.<\/div>\n<div><\/div>\n<ul>\n<li><strong>Mobilit\u00e9<\/strong><\/li>\n<\/ul>\n<div>\u00a0MyGed Cloud, c&rsquo;est la garantie d&rsquo;acc\u00e9der \u00e0 vos donn\u00e9es depuis n&rsquo;importe quel endroit du monde via un acc\u00e8s s\u00e9curis\u00e9 sur nos serveurs h\u00e9berg\u00e9s en france<\/div>\n<div><\/div>\n<div><\/div>\n<div>\n<ul>\n<li><strong>S\u00e9curit\u00e9<\/strong><\/li>\n<\/ul>\n<div>Vos donn\u00e9es sont stock\u00e9s et sauvegard\u00e9s quotidiennement sur nos serveurs, vous avez l&rsquo;assurance d&rsquo;une protection optimal de vos fichiers vitaux.<\/div>\n<div><\/div>\n<\/div>\n<div>\n<ul>\n<li><strong>Simplicit\u00e9<\/strong><\/li>\n<\/ul>\n<div>Acc\u00e9der \u00e0 MyGed ainsi qu&rsquo;a toutes vos applications favorites via une interface simple et \u00e9pur\u00e9e accessible depuis PC et tablette.<\/div>\n<\/div>\n<div>\n<div id=\"attachment_115\" style=\"width: 482px\" class=\"wp-caption aligncenter\"><img loading=\"lazy\" decoding=\"async\" aria-describedby=\"caption-attachment-115\" class=\"wp-image-115 size-full\" src=\"http:\/\/new.my-ged.net\/wp-content\/uploads\/2018\/01\/capture-MyGedCloud.png\" alt=\"\" width=\"472\" height=\"384\" srcset=\"https:\/\/www.my-ged.net\/wp-content\/uploads\/2018\/01\/capture-MyGedCloud.png 472w, https:\/\/www.my-ged.net\/wp-content\/uploads\/2018\/01\/capture-MyGedCloud-300x244.png 300w\" sizes=\"auto, (max-width: 472px) 100vw, 472px\" \/><p id=\"caption-attachment-115\" class=\"wp-caption-text\">L&rsquo;interface d&rsquo;acc\u00e8s \u00e0 MyGed Cloud<\/p><\/div>\n<\/div>\n<div><\/div>\n<div>\n<ul>\n<li><strong>Fonctionnalit\u00e9s<\/strong><\/li>\n<\/ul>\n<div>\u00a0MyGed Cloud, c&rsquo;est le m\u00eame niveau de fonctionnalit\u00e9 que la version MyGed Entreprise compl\u00e8te avec tous les avantages du cloud<\/div>\n<div>Vous retrouverez en plus de la version Entreprise :<\/div>\n<div>\n<ul>\n<li>les imprimantes virtuelles multiples (incluant l&rsquo;impression s\u00e9curis\u00e9 depuis votre poste local vers MyGed Cloud)<\/li>\n<li>l&rsquo;acc\u00e8s aux pani\u00e8res de classement depuis votre poste local pour transfer\u00e9 simplement des fichiers vers le cloud<\/li>\n<li>l&rsquo;acc\u00e8s au portail Web MyGed pour partage avec vos clients\/collaborateurs vos documents sans aucun surco\u00fbt d&rsquo;h\u00e9bergement.<\/li>\n<\/ul>\n<\/div>\n<\/div>\n","protected":false},"excerpt":{"rendered":"<p>Acc\u00e9dez \u00e0 vos donn\u00e9es depuis n&rsquo;importe quel coin du monde ! Assurez vous de la sauvegarde de vos donn\u00e9es en tout s\u00e9r\u00e9nit\u00e9 ! \u00a0 MyGed Cloud est disponible pour r\u00e9pondre \u00e0 vos attentes. \u00a0 Qu&rsquo;est ce que MyGed Cloud ? \u00a0MyGed Cloud est une solution de gestion documentaire accessible en mode SaaS. Vous retrouverez toute [&hellip;]<\/p>\n","protected":false},"author":1,"featured_media":115,"parent":0,"menu_order":0,"comment_status":"closed","ping_status":"closed","template":"Page-fullwidth.php","meta":{"footnotes":""},"class_list":["post-66","page","type-page","status-publish","has-post-thumbnail","hentry"],"_links":{"self":[{"href":"https:\/\/www.my-ged.net\/index.php\/wp-json\/wp\/v2\/pages\/66","targetHints":{"allow":["GET"]}}],"collection":[{"href":"https:\/\/www.my-ged.net\/index.php\/wp-json\/wp\/v2\/pages"}],"about":[{"href":"https:\/\/www.my-ged.net\/index.php\/wp-json\/wp\/v2\/types\/page"}],"author":[{"embeddable":true,"href":"https:\/\/www.my-ged.net\/index.php\/wp-json\/wp\/v2\/users\/1"}],"replies":[{"embeddable":true,"href":"https:\/\/www.my-ged.net\/index.php\/wp-json\/wp\/v2\/comments?post=66"}],"version-history":[{"count":3,"href":"https:\/\/www.my-ged.net\/index.php\/wp-json\/wp\/v2\/pages\/66\/revisions"}],"predecessor-version":[{"id":116,"href":"https:\/\/www.my-ged.net\/index.php\/wp-json\/wp\/v2\/pages\/66\/revisions\/116"}],"wp:featuredmedia":[{"embeddable":true,"href":"https:\/\/www.my-ged.net\/index.php\/wp-json\/wp\/v2\/media\/115"}],"wp:attachment":[{"href":"https:\/\/www.my-ged.net\/index.php\/wp-json\/wp\/v2\/media?parent=66"}],"curies":[{"name":"wp","href":"https:\/\/api.w.org\/{rel}","templated":true}]}}