{"id":70,"date":"2018-01-03T11:38:39","date_gmt":"2018-01-03T10:38:39","guid":{"rendered":"http:\/\/new.my-ged.net\/?page_id=70"},"modified":"2018-07-09T15:06:20","modified_gmt":"2018-07-09T13:06:20","slug":"fonctionnalites","status":"publish","type":"page","link":"https:\/\/www.my-ged.net\/index.php\/fonctionnalites\/","title":{"rendered":"Fonctionnalit\u00e9s"},"content":{"rendered":"<p><strong>La liste des fonctionnalit\u00e9s<\/strong><\/p>\n<p>&nbsp;<\/p>\n<blockquote class=\"wp-embedded-content\" data-secret=\"aF4BXfGFXg\"><p><a href=\"http:\/\/www.my-ged.net\/index.php\/fonctionnalites\/lindexation-du-contenu\/\">L&rsquo;indexation du contenu<\/a><\/p><\/blockquote>\n<p><iframe loading=\"lazy\" class=\"wp-embedded-content\" sandbox=\"allow-scripts\" security=\"restricted\" style=\"position: absolute; clip: rect(1px, 1px, 1px, 1px);\" src=\"http:\/\/www.my-ged.net\/index.php\/fonctionnalites\/lindexation-du-contenu\/embed\/#?secret=aF4BXfGFXg\" data-secret=\"aF4BXfGFXg\" width=\"600\" height=\"338\" title=\"\u00ab\u00a0L&rsquo;indexation du contenu\u00a0\u00bb &#8212; MyGed\" frameborder=\"0\" marginwidth=\"0\" marginheight=\"0\" scrolling=\"no\"><\/iframe><\/p>\n<p>&nbsp;<\/p>\n<blockquote class=\"wp-embedded-content\" data-secret=\"aGWFaDweQy\"><p><a href=\"http:\/\/www.my-ged.net\/index.php\/fonctionnalites\/classement-via-lexplorateur\/\">Classement via l&rsquo;explorateur<\/a><\/p><\/blockquote>\n<p><iframe loading=\"lazy\" class=\"wp-embedded-content\" sandbox=\"allow-scripts\" security=\"restricted\" style=\"position: absolute; clip: rect(1px, 1px, 1px, 1px);\" src=\"http:\/\/www.my-ged.net\/index.php\/fonctionnalites\/classement-via-lexplorateur\/embed\/#?secret=aGWFaDweQy\" data-secret=\"aGWFaDweQy\" width=\"600\" height=\"338\" title=\"\u00ab\u00a0Classement via l&rsquo;explorateur\u00a0\u00bb &#8212; MyGed\" frameborder=\"0\" marginwidth=\"0\" marginheight=\"0\" scrolling=\"no\"><\/iframe><\/p>\n<blockquote class=\"wp-embedded-content\" data-secret=\"xmiqrFtAqg\"><p><a href=\"http:\/\/www.my-ged.net\/index.php\/fonctionnalites\/limprimante-virtuelle-pdf\/\">L&rsquo;imprimante virtuelle PDF<\/a><\/p><\/blockquote>\n<p><iframe loading=\"lazy\" class=\"wp-embedded-content\" sandbox=\"allow-scripts\" security=\"restricted\" style=\"position: absolute; clip: rect(1px, 1px, 1px, 1px);\" src=\"http:\/\/www.my-ged.net\/index.php\/fonctionnalites\/limprimante-virtuelle-pdf\/embed\/#?secret=xmiqrFtAqg\" data-secret=\"xmiqrFtAqg\" width=\"600\" height=\"338\" title=\"\u00ab\u00a0L&rsquo;imprimante virtuelle PDF\u00a0\u00bb &#8212; MyGed\" frameborder=\"0\" marginwidth=\"0\" marginheight=\"0\" scrolling=\"no\"><\/iframe><\/p>\n<blockquote class=\"wp-embedded-content\" data-secret=\"5njWH6kBEb\"><p><a href=\"http:\/\/www.my-ged.net\/index.php\/fonctionnalites\/le-tableau-de-bord-utilisateur\/\">Le tableau de bord<\/a><\/p><\/blockquote>\n<p><iframe loading=\"lazy\" class=\"wp-embedded-content\" sandbox=\"allow-scripts\" security=\"restricted\" style=\"position: absolute; clip: rect(1px, 1px, 1px, 1px);\" src=\"http:\/\/www.my-ged.net\/index.php\/fonctionnalites\/le-tableau-de-bord-utilisateur\/embed\/#?secret=5njWH6kBEb\" data-secret=\"5njWH6kBEb\" width=\"600\" height=\"338\" title=\"\u00ab\u00a0Le tableau de bord\u00a0\u00bb &#8212; MyGed\" frameborder=\"0\" marginwidth=\"0\" marginheight=\"0\" scrolling=\"no\"><\/iframe><\/p>\n<blockquote class=\"wp-embedded-content\" data-secret=\"RSBrOpV3Al\"><p><a href=\"http:\/\/www.my-ged.net\/index.php\/fonctionnalites\/la-securite\/\">La s\u00e9curit\u00e9<\/a><\/p><\/blockquote>\n<p><iframe loading=\"lazy\" class=\"wp-embedded-content\" sandbox=\"allow-scripts\" security=\"restricted\" style=\"position: absolute; clip: rect(1px, 1px, 1px, 1px);\" src=\"http:\/\/www.my-ged.net\/index.php\/fonctionnalites\/la-securite\/embed\/#?secret=RSBrOpV3Al\" data-secret=\"RSBrOpV3Al\" width=\"600\" height=\"338\" title=\"\u00ab\u00a0La s\u00e9curit\u00e9\u00a0\u00bb &#8212; MyGed\" frameborder=\"0\" marginwidth=\"0\" marginheight=\"0\" scrolling=\"no\"><\/iframe><\/p>\n<blockquote class=\"wp-embedded-content\" data-secret=\"jPDKxJVWay\"><p><a href=\"http:\/\/www.my-ged.net\/index.php\/fonctionnalites\/le-workflow\/\">Le workflow<\/a><\/p><\/blockquote>\n<p><iframe loading=\"lazy\" class=\"wp-embedded-content\" sandbox=\"allow-scripts\" security=\"restricted\" style=\"position: absolute; clip: rect(1px, 1px, 1px, 1px);\" src=\"http:\/\/www.my-ged.net\/index.php\/fonctionnalites\/le-workflow\/embed\/#?secret=jPDKxJVWay\" data-secret=\"jPDKxJVWay\" width=\"600\" height=\"338\" title=\"\u00ab\u00a0Le workflow\u00a0\u00bb &#8212; MyGed\" frameborder=\"0\" marginwidth=\"0\" marginheight=\"0\" scrolling=\"no\"><\/iframe><\/p>\n<blockquote class=\"wp-embedded-content\" data-secret=\"CKi1kCaJWG\"><p><a href=\"http:\/\/www.my-ged.net\/index.php\/fonctionnalites\/la-numerisation-rapide\/\">La num\u00e9risation rapide<\/a><\/p><\/blockquote>\n<p><iframe loading=\"lazy\" class=\"wp-embedded-content\" sandbox=\"allow-scripts\" security=\"restricted\" style=\"position: absolute; clip: rect(1px, 1px, 1px, 1px);\" src=\"http:\/\/www.my-ged.net\/index.php\/fonctionnalites\/la-numerisation-rapide\/embed\/#?secret=CKi1kCaJWG\" data-secret=\"CKi1kCaJWG\" width=\"600\" height=\"338\" title=\"\u00ab\u00a0La num\u00e9risation rapide\u00a0\u00bb &#8212; MyGed\" frameborder=\"0\" marginwidth=\"0\" marginheight=\"0\" scrolling=\"no\"><\/iframe><\/p>\n","protected":false},"excerpt":{"rendered":"<p>La liste des fonctionnalit\u00e9s &nbsp; L&rsquo;indexation du contenu &nbsp; Classement via l&rsquo;explorateur L&rsquo;imprimante virtuelle PDF Le tableau de bord La s\u00e9curit\u00e9 Le workflow La num\u00e9risation rapide<\/p>\n","protected":false},"author":1,"featured_media":0,"parent":0,"menu_order":0,"comment_status":"closed","ping_status":"closed","template":"Page-fullwidth.php","meta":{"footnotes":""},"class_list":["post-70","page","type-page","status-publish","hentry"],"_links":{"self":[{"href":"https:\/\/www.my-ged.net\/index.php\/wp-json\/wp\/v2\/pages\/70","targetHints":{"allow":["GET"]}}],"collection":[{"href":"https:\/\/www.my-ged.net\/index.php\/wp-json\/wp\/v2\/pages"}],"about":[{"href":"https:\/\/www.my-ged.net\/index.php\/wp-json\/wp\/v2\/types\/page"}],"author":[{"embeddable":true,"href":"https:\/\/www.my-ged.net\/index.php\/wp-json\/wp\/v2\/users\/1"}],"replies":[{"embeddable":true,"href":"https:\/\/www.my-ged.net\/index.php\/wp-json\/wp\/v2\/comments?post=70"}],"version-history":[{"count":6,"href":"https:\/\/www.my-ged.net\/index.php\/wp-json\/wp\/v2\/pages\/70\/revisions"}],"predecessor-version":[{"id":258,"href":"https:\/\/www.my-ged.net\/index.php\/wp-json\/wp\/v2\/pages\/70\/revisions\/258"}],"wp:attachment":[{"href":"https:\/\/www.my-ged.net\/index.php\/wp-json\/wp\/v2\/media?parent=70"}],"curies":[{"name":"wp","href":"https:\/\/api.w.org\/{rel}","templated":true}]}}