{"id":72,"date":"2018-01-03T11:38:43","date_gmt":"2018-01-03T10:38:43","guid":{"rendered":"http:\/\/new.my-ged.net\/?page_id=72"},"modified":"2021-12-20T14:51:32","modified_gmt":"2021-12-20T13:51:32","slug":"contact","status":"publish","type":"page","link":"https:\/\/www.my-ged.net\/index.php\/contact\/","title":{"rendered":"Contact"},"content":{"rendered":"<h3>HSC Info est un soci\u00e9t\u00e9 \u00e9ditrice de logiciel dans le domaine de la gestion documentaire fond\u00e9e en 2014 par Sylvain HORTAN.<\/h3>\n<h3><img loading=\"lazy\" decoding=\"async\" class=\"wp-image-155 alignright\" src=\"https:\/\/www.my-ged.net\/wp-content\/uploads\/2021\/12\/logo-2020-1000px.png\" alt=\"\" width=\"400\" height=\"148\" \/><\/h3>\n<p>&nbsp;<\/p>\n<h3>Si\u00e8ge social :<\/h3>\n<p>SASU HSCI<br \/>\n600 Route de Chatillon St Jean<br \/>\n38840 SAINT LATTIER<br \/>\nT\u00e9l : 06 76 41 93 32<br \/>\nCourriel : <a href=\"mailto:contact@hscinfo.fr\">contact@hscinfo.fr<\/a><br \/>\nSite internet : <a href=\"http:\/\/www.hscinfo.fr\">www.hscinfo.fr<\/a><\/p>\n<p>SIRET : 808 841 019 00017 au RCS de Romans<br \/>\nAPE : 5829A : \u00c9dition de logiciels syst\u00e8me et de r\u00e9seau<\/p>\n<p>&nbsp;<\/p>\n<h2>Vous pouvez aussi nous contacter en remplissant ce formulaire<\/h2>\n<div role=\"form\" class=\"wpcf7\" id=\"wpcf7-f150-o1\" lang=\"fr-FR\" dir=\"ltr\">\n<div class=\"screen-reader-response\"><\/div>\n<form action=\"\/index.php\/wp-json\/wp\/v2\/pages\/72#wpcf7-f150-o1\" method=\"post\" class=\"wpcf7-form\" novalidate=\"novalidate\">\n<div style=\"display: none;\">\n<input type=\"hidden\" name=\"_wpcf7\" value=\"150\" \/>\n<input type=\"hidden\" name=\"_wpcf7_version\" value=\"5.0.2\" \/>\n<input type=\"hidden\" name=\"_wpcf7_locale\" value=\"fr_FR\" \/>\n<input type=\"hidden\" name=\"_wpcf7_unit_tag\" value=\"wpcf7-f150-o1\" \/>\n<input type=\"hidden\" name=\"_wpcf7_container_post\" value=\"0\" \/>\n<\/div>\n<p><label> Votre nom (obligatoire)<br \/>\n    <span class=\"wpcf7-form-control-wrap your-name\"><input type=\"text\" name=\"your-name\" value=\"\" size=\"40\" class=\"wpcf7-form-control wpcf7-text wpcf7-validates-as-required\" aria-required=\"true\" aria-invalid=\"false\" \/><\/span> <\/label><\/p>\n<p><label> Votre adresse de messagerie (obligatoire)<br \/>\n    <span class=\"wpcf7-form-control-wrap your-email\"><input type=\"email\" name=\"your-email\" value=\"\" size=\"40\" class=\"wpcf7-form-control wpcf7-text wpcf7-email wpcf7-validates-as-required wpcf7-validates-as-email\" aria-required=\"true\" aria-invalid=\"false\" \/><\/span> <\/label><\/p>\n<p><label> Votre num\u00e9ro de t\u00e9l\u00e9phone<br \/>\n<span class=\"wpcf7-form-control-wrap your-tel\"><input type=\"tel\" name=\"your-tel\" value=\"\" size=\"40\" class=\"wpcf7-form-control wpcf7-text wpcf7-tel wpcf7-validates-as-tel\" aria-invalid=\"false\" \/><\/span><\/label><\/p>\n<p><label> Objet<br \/>\n    <span class=\"wpcf7-form-control-wrap your-subject\"><input type=\"text\" name=\"your-subject\" value=\"\" size=\"40\" class=\"wpcf7-form-control wpcf7-text\" aria-invalid=\"false\" \/><\/span> <\/label><\/p>\n<p><label> Votre message<br \/>\n    <span class=\"wpcf7-form-control-wrap your-message\"><textarea name=\"your-message\" cols=\"40\" rows=\"10\" class=\"wpcf7-form-control wpcf7-textarea\" aria-invalid=\"false\"><\/textarea><\/span> <\/label><\/p>\n<div class=\"wpcf7-form-control-wrap\"><div data-sitekey=\"6LfxTmIUAAAAADfddfpU3s9DWjH6ubM7rxSifbmY\" class=\"wpcf7-form-control g-recaptcha wpcf7-recaptcha\"><\/div>\n<noscript>\n\t<div style=\"width: 302px; height: 422px;\">\n\t\t<div style=\"width: 302px; height: 422px; position: relative;\">\n\t\t\t<div style=\"width: 302px; height: 422px; position: absolute;\">\n\t\t\t\t<iframe src=\"https:\/\/www.google.com\/recaptcha\/api\/fallback?k=6LfxTmIUAAAAADfddfpU3s9DWjH6ubM7rxSifbmY\" frameborder=\"0\" scrolling=\"no\" style=\"width: 302px; height:422px; border-style: none;\">\n\t\t\t\t<\/iframe>\n\t\t\t<\/div>\n\t\t\t<div style=\"width: 300px; height: 60px; border-style: none; bottom: 12px; left: 25px; margin: 0px; padding: 0px; right: 25px; background: #f9f9f9; border: 1px solid #c1c1c1; border-radius: 3px;\">\n\t\t\t\t<textarea id=\"g-recaptcha-response\" name=\"g-recaptcha-response\" class=\"g-recaptcha-response\" style=\"width: 250px; height: 40px; border: 1px solid #c1c1c1; margin: 10px 25px; padding: 0px; resize: none;\">\n\t\t\t\t<\/textarea>\n\t\t\t<\/div>\n\t\t<\/div>\n\t<\/div>\n<\/noscript>\n<\/div>\n<p><input type=\"submit\" value=\"Envoyer\" class=\"wpcf7-form-control wpcf7-submit\" \/><\/p>\n<div class=\"wpcf7-response-output wpcf7-display-none\"><\/div><\/form><\/div>\n","protected":false},"excerpt":{"rendered":"<p>HSC Info est un soci\u00e9t\u00e9 \u00e9ditrice de logiciel dans le domaine de la gestion documentaire fond\u00e9e en 2014 par Sylvain HORTAN. &nbsp; Si\u00e8ge social : SASU HSCI 600 Route de Chatillon St Jean 38840 SAINT LATTIER T\u00e9l : 06 76 41 93 32 Courriel : contact@hscinfo.fr Site internet : www.hscinfo.fr SIRET : 808 841 019 [&hellip;]<\/p>\n","protected":false},"author":1,"featured_media":0,"parent":0,"menu_order":0,"comment_status":"closed","ping_status":"closed","template":"Page-fullwidth.php","meta":{"footnotes":""},"class_list":["post-72","page","type-page","status-publish","hentry"],"_links":{"self":[{"href":"https:\/\/www.my-ged.net\/index.php\/wp-json\/wp\/v2\/pages\/72","targetHints":{"allow":["GET"]}}],"collection":[{"href":"https:\/\/www.my-ged.net\/index.php\/wp-json\/wp\/v2\/pages"}],"about":[{"href":"https:\/\/www.my-ged.net\/index.php\/wp-json\/wp\/v2\/types\/page"}],"author":[{"embeddable":true,"href":"https:\/\/www.my-ged.net\/index.php\/wp-json\/wp\/v2\/users\/1"}],"replies":[{"embeddable":true,"href":"https:\/\/www.my-ged.net\/index.php\/wp-json\/wp\/v2\/comments?post=72"}],"version-history":[{"count":14,"href":"https:\/\/www.my-ged.net\/index.php\/wp-json\/wp\/v2\/pages\/72\/revisions"}],"predecessor-version":[{"id":1086,"href":"https:\/\/www.my-ged.net\/index.php\/wp-json\/wp\/v2\/pages\/72\/revisions\/1086"}],"wp:attachment":[{"href":"https:\/\/www.my-ged.net\/index.php\/wp-json\/wp\/v2\/media?parent=72"}],"curies":[{"name":"wp","href":"https:\/\/api.w.org\/{rel}","templated":true}]}}